{"id":4952,"date":"2021-05-11T05:07:52","date_gmt":"2021-05-11T05:07:52","guid":{"rendered":"https:\/\/smcateringcompany.com\/?page_id=4952"},"modified":"2021-05-11T05:13:53","modified_gmt":"2021-05-11T05:13:53","slug":"call-to-action-4","status":"publish","type":"page","link":"https:\/\/mru.zuh.temporary.site\/es\/call-to-action-4\/","title":{"rendered":"Call To Action 4"},"content":{"rendered":"<div data-elementor-type=\"wp-page\" data-elementor-id=\"4952\" class=\"elementor elementor-4952\">\n\t\t\t\t\t\t<section class=\"elementor-section elementor-top-section elementor-element elementor-element-17cc9fd elementor-section-stretched elementor-section-boxed elementor-section-height-default elementor-section-height-default\" data-id=\"17cc9fd\" data-element_type=\"section\" data-settings=\"{&quot;stretch_section&quot;:&quot;section-stretched&quot;}\">\n\t\t\t\t\t\t<div class=\"elementor-container elementor-column-gap-default\">\n\t\t\t\t\t<div class=\"elementor-column elementor-col-100 elementor-top-column elementor-element elementor-element-97a8430\" data-id=\"97a8430\" data-element_type=\"column\">\n\t\t\t<div class=\"elementor-widget-wrap elementor-element-populated\">\n\t\t\t\t\t\t<div class=\"elementor-element elementor-element-6a5d7fd elementor-widget elementor-widget-rt-cta\" data-id=\"6a5d7fd\" data-element_type=\"widget\" data-settings=\"{&quot;ekit_we_effect_on&quot;:&quot;none&quot;}\" data-widget_type=\"rt-cta.default\">\n\t\t\t\t<div class=\"elementor-widget-container\">\n\t\t\t\t\t<div class=\"cta-default cta-style5\">\n\t<div class=\"action-box\">\n\t\t<h2 class=\"rtin-title\">30% Discount Offer<\/h2>\n\t\t\t\t<p>Si tiene una reuni\u00f3n, trabaja hasta altas horas de la noche y necesita un empuj\u00f3n adicional. H\u00e1ganos saber y estaremos all\u00ed.<\/p>\n\t\t\t<\/div>\n<\/div>\t\t\t\t<\/div>\n\t\t\t\t<\/div>\n\t\t\t\t\t<\/div>\n\t\t<\/div>\n\t\t\t\t\t<\/div>\n\t\t<\/section>\n\t\t\t\t<\/div>","protected":false},"excerpt":{"rendered":"<p>30% Discount Offer If you\u2019re having a meeting, working late at night and need an extra push.Let us know and we will be there<\/p>","protected":false},"author":1,"featured_media":0,"parent":0,"menu_order":0,"comment_status":"closed","ping_status":"closed","template":"","meta":{"footnotes":""},"class_list":["post-4952","page","type-page","status-publish","hentry"],"_links":{"self":[{"href":"https:\/\/mru.zuh.temporary.site\/es\/wp-json\/wp\/v2\/pages\/4952","targetHints":{"allow":["GET"]}}],"collection":[{"href":"https:\/\/mru.zuh.temporary.site\/es\/wp-json\/wp\/v2\/pages"}],"about":[{"href":"https:\/\/mru.zuh.temporary.site\/es\/wp-json\/wp\/v2\/types\/page"}],"author":[{"embeddable":true,"href":"https:\/\/mru.zuh.temporary.site\/es\/wp-json\/wp\/v2\/users\/1"}],"replies":[{"embeddable":true,"href":"https:\/\/mru.zuh.temporary.site\/es\/wp-json\/wp\/v2\/comments?post=4952"}],"version-history":[{"count":0,"href":"https:\/\/mru.zuh.temporary.site\/es\/wp-json\/wp\/v2\/pages\/4952\/revisions"}],"wp:attachment":[{"href":"https:\/\/mru.zuh.temporary.site\/es\/wp-json\/wp\/v2\/media?parent=4952"}],"curies":[{"name":"wp","href":"https:\/\/api.w.org\/{rel}","templated":true}]}}